{"id":14139,"date":"2024-11-01T09:38:08","date_gmt":"2024-11-01T13:38:08","guid":{"rendered":"https:\/\/westfalia-americas.com\/staging\/?page_id=14139"},"modified":"2025-01-20T08:54:37","modified_gmt":"2025-01-20T13:54:37","slug":"important-information","status":"publish","type":"page","link":"https:\/\/westfalia-americas.com\/staging\/important-information\/","title":{"rendered":"Important Information"},"content":{"rendered":"\t\t<div data-elementor-type=\"wp-post\" data-elementor-id=\"14139\" class=\"elementor elementor-14139\" data-elementor-post-type=\"page\">\n\t\t\t\t<div class=\"elementor-element elementor-element-2c02385 e-flex e-con-boxed e-con e-parent\" data-id=\"2c02385\" data-element_type=\"container\" data-settings=\"{&quot;background_background&quot;:&quot;classic&quot;}\">\n\t\t\t\t\t<div class=\"e-con-inner\">\n\t\t\t\t<div class=\"elementor-element elementor-element-dbad5f1 elementor-widget elementor-widget-heading\" data-id=\"dbad5f1\" data-element_type=\"widget\" data-widget_type=\"heading.default\">\n\t\t\t\t\t<h2 class=\"elementor-heading-title elementor-size-default\">Important Information<\/h2>\t\t\t\t<\/div>\n\t\t\t\t<div class=\"elementor-element elementor-element-3155511 elementor-widget elementor-widget-text-editor\" data-id=\"3155511\" data-element_type=\"widget\" data-widget_type=\"text-editor.default\">\n\t\t\t\t\t\t\t\t\t<p><b>CALIFORNIA CONSUMERS:<\/b>\u00a0To comply with California\u2019s Song Beverly Consumer Warranty Act pre-litigation notice requirements (described at California Code of Civil Procedure Section 871.24), written notice can be sent to Roadtrek Inc., either by email sent to the following email address:\u00a0<a id=\"m_7275017636075885004OWAc24b260d-4327-4fdc-fd34-df637232ac1c\" title=\"mailto:retailsupport@roadtrekinc.com\" href=\"mailto:retailsupport@roadtrekinc.com\" target=\"_blank\" rel=\"noreferrer noopener\">retailsupport@roadtrekinc.com<\/a>, or by certified or registered mail, return receipt requested, sent to the following address: Roadtrek Inc., c\/o California Pre-suit Notice, 20 Tyler Street Cambridge, Ontario, Canada N1T 0E4.<\/p><p><b>CONSUMIDORES DE CALIFORNIA:<\/b>\u00a0En cumplimiento a los requisitos de notificaci\u00f3n previa al litigio de la Ley de Garant\u00eda al Consumidor Song Beverly de California (descritos en la Secci\u00f3n 871.24 del C\u00f3digo de Procedimientos Civiles de California), la notificaci\u00f3n por escrito puede ser enviada a Roadtrek Inc., ya sea por correo electr\u00f3nico a la siguiente direcci\u00f3n:\u00a0<a id=\"m_7275017636075885004LPlnkOWA9ba19de6-5a5b-d94a-46e7-4d62ca05461d\" title=\"mailto:retailsupport@roadtrekinc.com\" href=\"mailto:retailsupport@roadtrekinc.com\" target=\"_blank\" rel=\"noreferrer noopener\">retailsupport@roadtrekinc.com<\/a>, o por correo postal certificado o registrado, con solicitud de acuse de recibo, enviado a la siguiente direcci\u00f3n: Roadtrek Inc., c\/o California Pre-suit Notice, 20 Tyler Street Cambridge, Ontario, Canad\u00e1 N1T 0E4.<\/p><p><b>General<\/b><\/p><p>Some units pictured with optional equipment. Certain options may require deletions of standard items or additions of other optional items in order to function properly. Restrictions or limitations may apply to certain options and\/or chassis combinations. See your dealer for details.<\/p><p>As we are always working to improve our product, specifications and design are subject to change without notice or obligation whatsoever. Roadtrek shall not be held responsible for errors or omissions contained herein or the delivery or non-delivery of any item herein.<\/p><p>Original and exclusive exterior and interior design and contents may not be duplicated. Same protected by U.S. Patent numbers 4550946, 4685719, 5458353, 5639141, 5653262, 5662373, 5697666, 5788320; and Canadian Patent numbers 1200262, 1205103, 1212398, 1260988, 1269802, 2084020, 2096602.<\/p><p>The drawings, photographs, literature and technical information contained herein are the exclusive property of Roadtrek Inc. The above may not be duplicated, reproduced, used nor conveyed to others without our express written consent.<\/p><p>\u2122 \u00ae \u201cRoadtrek\u201d, \u201cFuel Efficient Motorhomes You\u2019ll Love to Drive\u201d, \u201cThe Motorhome that Drives like an SUV\u201d, \u201cThe Motorhome that Drives like a Van\u201d and \u2018Ecotrek\u201d are registered trademarks of Roadtrek Inc.<\/p><p>While information is the cornerstone of our ability to provide superior service, our most trusted asset is our user\u2019s trust. Your privacy is a top priority for all of us at Roadtrek Inc. To view our Privacy Policy visit roadtrek.com\/privacy-policy or phone to receive a copy.<\/p>\t\t\t\t\t\t\t\t<\/div>\n\t\t\t\t\t<\/div>\n\t\t\t\t<\/div>\n\t\t\t\t<\/div>\n\t\t","protected":false},"excerpt":{"rendered":"<p>Important Information CALIFORNIA CONSUMERS:\u00a0To comply with California\u2019s Song Beverly Consumer Warranty Act pre-litigation notice requirements (described at California Code of Civil Procedure Section 871.24), written notice can be sent to Roadtrek Inc., either by email sent to the following email address:\u00a0retailsupport@roadtrekinc.com, or by certified or registered mail, return receipt requested, sent to the following address: [&hellip;]<\/p>\n","protected":false},"author":1,"featured_media":0,"parent":0,"menu_order":0,"comment_status":"closed","ping_status":"closed","template":"","meta":{"_acf_changed":false,"_monsterinsights_skip_tracking":false,"_monsterinsights_sitenote_active":false,"_monsterinsights_sitenote_note":"","_monsterinsights_sitenote_category":0,"_uf_show_specific_survey":0,"_uf_disable_surveys":false,"footnotes":""},"class_list":["post-14139","page","type-page","status-publish","hentry"],"acf":[],"aioseo_notices":[],"_links":{"self":[{"href":"https:\/\/westfalia-americas.com\/staging\/wp-json\/wp\/v2\/pages\/14139","targetHints":{"allow":["GET"]}}],"collection":[{"href":"https:\/\/westfalia-americas.com\/staging\/wp-json\/wp\/v2\/pages"}],"about":[{"href":"https:\/\/westfalia-americas.com\/staging\/wp-json\/wp\/v2\/types\/page"}],"author":[{"embeddable":true,"href":"https:\/\/westfalia-americas.com\/staging\/wp-json\/wp\/v2\/users\/1"}],"replies":[{"embeddable":true,"href":"https:\/\/westfalia-americas.com\/staging\/wp-json\/wp\/v2\/comments?post=14139"}],"version-history":[{"count":13,"href":"https:\/\/westfalia-americas.com\/staging\/wp-json\/wp\/v2\/pages\/14139\/revisions"}],"predecessor-version":[{"id":18201,"href":"https:\/\/westfalia-americas.com\/staging\/wp-json\/wp\/v2\/pages\/14139\/revisions\/18201"}],"wp:attachment":[{"href":"https:\/\/westfalia-americas.com\/staging\/wp-json\/wp\/v2\/media?parent=14139"}],"curies":[{"name":"wp","href":"https:\/\/api.w.org\/{rel}","templated":true}]}}